{"id":30,"date":"2022-04-06T11:32:57","date_gmt":"2022-04-06T11:32:57","guid":{"rendered":"https:\/\/bspfrances.com.ar\/sitio\/?page_id=30"},"modified":"2022-04-27T11:27:39","modified_gmt":"2022-04-27T11:27:39","slug":"datos-personales","status":"publish","type":"page","link":"https:\/\/bspfrances.com.ar\/sitio\/index.php\/datos-personales\/","title":{"rendered":"Datos personales"},"content":{"rendered":"\n<figure class=\"wp-block-image size-large\"><img decoding=\"async\" loading=\"lazy\" width=\"1024\" height=\"576\" src=\"https:\/\/bspfrances.com.ar\/sitio\/wp-content\/uploads\/2022\/04\/Mont-Saint-Michel-1024x576.jpg\" alt=\"\" class=\"wp-image-112\" srcset=\"https:\/\/bspfrances.com.ar\/sitio\/wp-content\/uploads\/2022\/04\/Mont-Saint-Michel-1024x576.jpg 1024w, https:\/\/bspfrances.com.ar\/sitio\/wp-content\/uploads\/2022\/04\/Mont-Saint-Michel-300x169.jpg 300w, https:\/\/bspfrances.com.ar\/sitio\/wp-content\/uploads\/2022\/04\/Mont-Saint-Michel-768x432.jpg 768w, https:\/\/bspfrances.com.ar\/sitio\/wp-content\/uploads\/2022\/04\/Mont-Saint-Michel-1536x864.jpg 1536w, https:\/\/bspfrances.com.ar\/sitio\/wp-content\/uploads\/2022\/04\/Mont-Saint-Michel-320x180.jpg 320w, https:\/\/bspfrances.com.ar\/sitio\/wp-content\/uploads\/2022\/04\/Mont-Saint-Michel.jpg 1920w\" sizes=\"(max-width: 1024px) 100vw, 1024px\" \/><\/figure>\n\n\n\n<p>DATOS PERSONALES<\/p>\n\n\n\n<p><strong>T\u00edtulos:<\/strong>&nbsp;<\/p>\n\n\n\n<ul><li>Profesora de Franc\u00e9s.<\/li><\/ul>\n\n\n\n<ul><li>T\u00e9cnica en Administraci\u00f3n Hospitalaria.\u00a0 \u00a0 \u00a0 \u00a0\u00a0\u00a0 \u00a0 \u00a0 <\/li><\/ul>\n\n\n\n<ul><li>Maestra Normal Nacional.&nbsp; &nbsp; &nbsp; &nbsp; &nbsp; &nbsp; &nbsp; &nbsp; &nbsp; &nbsp; &nbsp; &nbsp; &nbsp; &nbsp; &nbsp; &nbsp; &nbsp;&nbsp; &nbsp; <\/li><\/ul>\n\n\n\n<ul><li>Profesora Elemental de Declamaci\u00f3n.&nbsp; &nbsp; &nbsp; &nbsp; &nbsp;&nbsp;&nbsp; &nbsp; <\/li><\/ul>\n\n\n\n<ul><li>Profesora Secundaria de Declamaci\u00f3n.&nbsp; &nbsp; &nbsp; &nbsp; &nbsp;&nbsp;&nbsp; &nbsp; <\/li><\/ul>\n\n\n\n<ul><li>Profesora Superior de Declamaci\u00f3n.&nbsp;<\/li><\/ul>\n\n\n\n<p><strong>Otorgados por<\/strong>:\u00a0<\/p>\n\n\n\n<ul><li>Instituto Nacional Superior del Profesorado. (Paran\u00e1, Entre R\u00edos).<\/li><\/ul>\n\n\n\n<ul><li>Universidad Nacional del Litoral.&nbsp; &nbsp; <\/li><\/ul>\n\n\n\n<ul><li>Escuela Normal Nacional \"General Jos\u00e9 de San Mart\u00edn\".&nbsp; &nbsp;<\/li><\/ul>\n\n\n\n<ul><li>Conservatorio de M\u00fasica de Buenos Aires.&nbsp; &nbsp; <\/li><\/ul>\n\n\n\n<ul><li>Conservatorio de M\u00fasica de Buenos Aires.&nbsp; &nbsp;<\/li><\/ul>\n\n\n\n<ul><li>Conservatorio de M\u00fasica de Buenos Aires.<\/li><\/ul>\n\n\n\n<p><\/p>\n\n\n\n<p><strong>Nacionalidad:&nbsp;<\/strong><\/p>\n\n\n\n<ul><li>Argentina.<\/li><li>Italiana.<\/li><\/ul>\n\n\n\n<p><strong>Tel\u00e9fono:&nbsp;<\/strong><\/p>\n\n\n\n<ul><li>(0342) - 453 - 4263.<\/li><\/ul>\n\n\n\n<p><strong>Horarios de consultas:<\/strong>&nbsp;<\/p>\n\n\n\n<ul><li>Lunes a Viernes de 14:00&nbsp; a&nbsp; 22:00 horas.<\/li><\/ul>\n","protected":false},"excerpt":{"rendered":"<p>DATOS PERSONALES T\u00edtulos:&nbsp; Profesora de Franc\u00e9s. T\u00e9cnica en Administraci\u00f3n Hospitalaria.\u00a0 \u00a0 \u00a0 \u00a0\u00a0\u00a0 \u00a0 \u00a0 Maestra Normal Nacional.&nbsp; &nbsp; &nbsp; &nbsp; &nbsp; &nbsp; &nbsp; &nbsp; &nbsp; &nbsp; &nbsp; &nbsp; &nbsp; &nbsp; &nbsp; &nbsp; &nbsp;&nbsp; &nbsp; Profesora Elemental de Declamaci\u00f3n.&nbsp; &nbsp; &nbsp; &nbsp; &nbsp;&nbsp;&nbsp; &nbsp; Profesora Secundaria de Declamaci\u00f3n.&nbsp; &nbsp; &nbsp; &nbsp; &nbsp;&nbsp;&nbsp; &nbsp; Profesora Superior [&hellip;]<\/p>\n","protected":false},"author":1,"featured_media":0,"parent":0,"menu_order":0,"comment_status":"closed","ping_status":"closed","template":"","meta":[],"yoast_head":"<!-- This site is optimized with the Yoast SEO plugin v19.11 - https:\/\/yoast.com\/wordpress\/plugins\/seo\/ -->\n<title>Datos personales - B. S. P. Franc\u00e9s<\/title>\n<meta name=\"robots\" content=\"index, follow, max-snippet:-1, max-image-preview:large, max-video-preview:-1\" \/>\n<link rel=\"canonical\" href=\"https:\/\/bspfrances.com.ar\/sitio\/index.php\/datos-personales\/\" \/>\n<meta property=\"og:locale\" content=\"es_ES\" \/>\n<meta property=\"og:type\" content=\"article\" \/>\n<meta property=\"og:title\" content=\"Datos personales - B. S. P. Franc\u00e9s\" \/>\n<meta property=\"og:description\" content=\"DATOS PERSONALES T\u00edtulos:&nbsp; Profesora de Franc\u00e9s. T\u00e9cnica en Administraci\u00f3n Hospitalaria.\u00a0 \u00a0 \u00a0 \u00a0\u00a0\u00a0 \u00a0 \u00a0 Maestra Normal Nacional.&nbsp; &nbsp; &nbsp; &nbsp; &nbsp; &nbsp; &nbsp; &nbsp; &nbsp; &nbsp; &nbsp; &nbsp; &nbsp; &nbsp; &nbsp; &nbsp; &nbsp;&nbsp; &nbsp; Profesora Elemental de Declamaci\u00f3n.&nbsp; &nbsp; &nbsp; &nbsp; &nbsp;&nbsp;&nbsp; &nbsp; Profesora Secundaria de Declamaci\u00f3n.&nbsp; &nbsp; &nbsp; &nbsp; &nbsp;&nbsp;&nbsp; &nbsp; Profesora Superior [&hellip;]\" \/>\n<meta property=\"og:url\" content=\"https:\/\/bspfrances.com.ar\/sitio\/index.php\/datos-personales\/\" \/>\n<meta property=\"og:site_name\" content=\"B. S. P. Franc\u00e9s\" \/>\n<meta property=\"article:modified_time\" content=\"2022-04-27T11:27:39+00:00\" \/>\n<meta property=\"og:image\" content=\"https:\/\/bspfrances.com.ar\/sitio\/wp-content\/uploads\/2022\/04\/Mont-Saint-Michel-1024x576.jpg\" \/>\n<meta name=\"twitter:card\" content=\"summary_large_image\" \/>\n<meta name=\"twitter:label1\" content=\"Tiempo de lectura\" \/>\n\t<meta name=\"twitter:data1\" content=\"1 minuto\" \/>\n<script type=\"application\/ld+json\" class=\"yoast-schema-graph\">{\"@context\":\"https:\/\/schema.org\",\"@graph\":[{\"@type\":\"WebPage\",\"@id\":\"https:\/\/bspfrances.com.ar\/sitio\/index.php\/datos-personales\/\",\"url\":\"https:\/\/bspfrances.com.ar\/sitio\/index.php\/datos-personales\/\",\"name\":\"Datos personales - B. S. P. Franc\u00e9s\",\"isPartOf\":{\"@id\":\"https:\/\/bspfrances.com.ar\/sitio\/#website\"},\"datePublished\":\"2022-04-06T11:32:57+00:00\",\"dateModified\":\"2022-04-27T11:27:39+00:00\",\"breadcrumb\":{\"@id\":\"https:\/\/bspfrances.com.ar\/sitio\/index.php\/datos-personales\/#breadcrumb\"},\"inLanguage\":\"es\",\"potentialAction\":[{\"@type\":\"ReadAction\",\"target\":[\"https:\/\/bspfrances.com.ar\/sitio\/index.php\/datos-personales\/\"]}]},{\"@type\":\"BreadcrumbList\",\"@id\":\"https:\/\/bspfrances.com.ar\/sitio\/index.php\/datos-personales\/#breadcrumb\",\"itemListElement\":[{\"@type\":\"ListItem\",\"position\":1,\"name\":\"Portada\",\"item\":\"https:\/\/bspfrances.com.ar\/sitio\/\"},{\"@type\":\"ListItem\",\"position\":2,\"name\":\"Datos personales\"}]},{\"@type\":\"WebSite\",\"@id\":\"https:\/\/bspfrances.com.ar\/sitio\/#website\",\"url\":\"https:\/\/bspfrances.com.ar\/sitio\/\",\"name\":\"B. S. P. Franc\u00e9s\",\"description\":\"Aprenda Fanc\u00e9s Online\",\"potentialAction\":[{\"@type\":\"SearchAction\",\"target\":{\"@type\":\"EntryPoint\",\"urlTemplate\":\"https:\/\/bspfrances.com.ar\/sitio\/?s={search_term_string}\"},\"query-input\":\"required name=search_term_string\"}],\"inLanguage\":\"es\"}]}<\/script>\n<!-- \/ Yoast SEO plugin. -->","yoast_head_json":{"title":"Datos personales - B. S. P. Franc\u00e9s","robots":{"index":"index","follow":"follow","max-snippet":"max-snippet:-1","max-image-preview":"max-image-preview:large","max-video-preview":"max-video-preview:-1"},"canonical":"https:\/\/bspfrances.com.ar\/sitio\/index.php\/datos-personales\/","og_locale":"es_ES","og_type":"article","og_title":"Datos personales - B. S. P. Franc\u00e9s","og_description":"DATOS PERSONALES T\u00edtulos:&nbsp; Profesora de Franc\u00e9s. T\u00e9cnica en Administraci\u00f3n Hospitalaria.\u00a0 \u00a0 \u00a0 \u00a0\u00a0\u00a0 \u00a0 \u00a0 Maestra Normal Nacional.&nbsp; &nbsp; &nbsp; &nbsp; &nbsp; &nbsp; &nbsp; &nbsp; &nbsp; &nbsp; &nbsp; &nbsp; &nbsp; &nbsp; &nbsp; &nbsp; &nbsp;&nbsp; &nbsp; Profesora Elemental de Declamaci\u00f3n.&nbsp; &nbsp; &nbsp; &nbsp; &nbsp;&nbsp;&nbsp; &nbsp; Profesora Secundaria de Declamaci\u00f3n.&nbsp; &nbsp; &nbsp; &nbsp; &nbsp;&nbsp;&nbsp; &nbsp; Profesora Superior [&hellip;]","og_url":"https:\/\/bspfrances.com.ar\/sitio\/index.php\/datos-personales\/","og_site_name":"B. S. P. Franc\u00e9s","article_modified_time":"2022-04-27T11:27:39+00:00","og_image":[{"url":"https:\/\/bspfrances.com.ar\/sitio\/wp-content\/uploads\/2022\/04\/Mont-Saint-Michel-1024x576.jpg"}],"twitter_card":"summary_large_image","twitter_misc":{"Tiempo de lectura":"1 minuto"},"schema":{"@context":"https:\/\/schema.org","@graph":[{"@type":"WebPage","@id":"https:\/\/bspfrances.com.ar\/sitio\/index.php\/datos-personales\/","url":"https:\/\/bspfrances.com.ar\/sitio\/index.php\/datos-personales\/","name":"Datos personales - B. S. P. Franc\u00e9s","isPartOf":{"@id":"https:\/\/bspfrances.com.ar\/sitio\/#website"},"datePublished":"2022-04-06T11:32:57+00:00","dateModified":"2022-04-27T11:27:39+00:00","breadcrumb":{"@id":"https:\/\/bspfrances.com.ar\/sitio\/index.php\/datos-personales\/#breadcrumb"},"inLanguage":"es","potentialAction":[{"@type":"ReadAction","target":["https:\/\/bspfrances.com.ar\/sitio\/index.php\/datos-personales\/"]}]},{"@type":"BreadcrumbList","@id":"https:\/\/bspfrances.com.ar\/sitio\/index.php\/datos-personales\/#breadcrumb","itemListElement":[{"@type":"ListItem","position":1,"name":"Portada","item":"https:\/\/bspfrances.com.ar\/sitio\/"},{"@type":"ListItem","position":2,"name":"Datos personales"}]},{"@type":"WebSite","@id":"https:\/\/bspfrances.com.ar\/sitio\/#website","url":"https:\/\/bspfrances.com.ar\/sitio\/","name":"B. S. P. Franc\u00e9s","description":"Aprenda Fanc\u00e9s Online","potentialAction":[{"@type":"SearchAction","target":{"@type":"EntryPoint","urlTemplate":"https:\/\/bspfrances.com.ar\/sitio\/?s={search_term_string}"},"query-input":"required name=search_term_string"}],"inLanguage":"es"}]}},"_links":{"self":[{"href":"https:\/\/bspfrances.com.ar\/sitio\/index.php\/wp-json\/wp\/v2\/pages\/30"}],"collection":[{"href":"https:\/\/bspfrances.com.ar\/sitio\/index.php\/wp-json\/wp\/v2\/pages"}],"about":[{"href":"https:\/\/bspfrances.com.ar\/sitio\/index.php\/wp-json\/wp\/v2\/types\/page"}],"author":[{"embeddable":true,"href":"https:\/\/bspfrances.com.ar\/sitio\/index.php\/wp-json\/wp\/v2\/users\/1"}],"replies":[{"embeddable":true,"href":"https:\/\/bspfrances.com.ar\/sitio\/index.php\/wp-json\/wp\/v2\/comments?post=30"}],"version-history":[{"count":7,"href":"https:\/\/bspfrances.com.ar\/sitio\/index.php\/wp-json\/wp\/v2\/pages\/30\/revisions"}],"predecessor-version":[{"id":116,"href":"https:\/\/bspfrances.com.ar\/sitio\/index.php\/wp-json\/wp\/v2\/pages\/30\/revisions\/116"}],"wp:attachment":[{"href":"https:\/\/bspfrances.com.ar\/sitio\/index.php\/wp-json\/wp\/v2\/media?parent=30"}],"curies":[{"name":"wp","href":"https:\/\/api.w.org\/{rel}","templated":true}]}}