{"id":28,"date":"2022-04-06T11:32:41","date_gmt":"2022-04-06T11:32:41","guid":{"rendered":"https:\/\/bspfrances.com.ar\/sitio\/?page_id=28"},"modified":"2022-04-26T12:27:22","modified_gmt":"2022-04-26T12:27:22","slug":"metodologia","status":"publish","type":"page","link":"https:\/\/bspfrances.com.ar\/sitio\/index.php\/metodologia\/","title":{"rendered":"Metodolog\u00eda"},"content":{"rendered":"\n<figure class=\"wp-block-image size-large\"><img decoding=\"async\" loading=\"lazy\" width=\"1024\" height=\"576\" src=\"https:\/\/bspfrances.com.ar\/sitio\/wp-content\/uploads\/2022\/04\/louvre-night-pyramid-louvre-museum-area-besthqwallpapers.com-1600x900-1-1024x576.jpg\" alt=\"\" class=\"wp-image-51\" srcset=\"https:\/\/bspfrances.com.ar\/sitio\/wp-content\/uploads\/2022\/04\/louvre-night-pyramid-louvre-museum-area-besthqwallpapers.com-1600x900-1-1024x576.jpg 1024w, https:\/\/bspfrances.com.ar\/sitio\/wp-content\/uploads\/2022\/04\/louvre-night-pyramid-louvre-museum-area-besthqwallpapers.com-1600x900-1-300x169.jpg 300w, https:\/\/bspfrances.com.ar\/sitio\/wp-content\/uploads\/2022\/04\/louvre-night-pyramid-louvre-museum-area-besthqwallpapers.com-1600x900-1-768x432.jpg 768w, https:\/\/bspfrances.com.ar\/sitio\/wp-content\/uploads\/2022\/04\/louvre-night-pyramid-louvre-museum-area-besthqwallpapers.com-1600x900-1-1536x864.jpg 1536w, https:\/\/bspfrances.com.ar\/sitio\/wp-content\/uploads\/2022\/04\/louvre-night-pyramid-louvre-museum-area-besthqwallpapers.com-1600x900-1-320x180.jpg 320w, https:\/\/bspfrances.com.ar\/sitio\/wp-content\/uploads\/2022\/04\/louvre-night-pyramid-louvre-museum-area-besthqwallpapers.com-1600x900-1.jpg 1600w\" sizes=\"(max-width: 1024px) 100vw, 1024px\" \/><\/figure>\n\n\n\n<p>METODOLOG\u00cdA:<\/p>\n\n\n\n<ul><li>Empleo de material pedag\u00f3gico de actividad.<\/li><\/ul>\n\n\n\n<ul><li>Utilizaci\u00f3n de bibliograf\u00eda para presentaci\u00f3n de ex\u00e1menes de la C\u00e1mara de Comercio y de Industria de Paris (CCIP).<\/li><\/ul>\n\n\n\n<ul><li>Presentaci\u00f3n gradual de vocabulario, gram\u00e1tica, situaci\u00f3n de comunicaci\u00f3n.<\/li><\/ul>\n\n\n\n<ul><li>Explicaci\u00f3n sencilla de temas incomprendidos.<\/li><\/ul>\n\n\n\n<ul><li>Adaptaci\u00f3n a la velocidad de expresi\u00f3n oral, natural de Franc\u00e9s.<\/li><\/ul>\n\n\n\n<ul><li>Pr\u00e1ctica de actividades orales y escritas con dificultad progresiva.<\/li><\/ul>\n\n\n\n<ul><li>Introducci\u00f3n en la civilizaci\u00f3n.<\/li><\/ul>\n\n\n\n<ul><li>Implicaci\u00f3n en lenguajes de especialidad, negocios, relaciones profesionales, internacionales.<\/li><\/ul>\n\n\n\n<ul><li>&nbsp;Conocimiento de t\u00e9cnicas de redacci\u00f3n.<\/li><\/ul>\n","protected":false},"excerpt":{"rendered":"<p>METODOLOG\u00cdA: Empleo de material pedag\u00f3gico de actividad. Utilizaci\u00f3n de bibliograf\u00eda para presentaci\u00f3n de ex\u00e1menes de la C\u00e1mara de Comercio y de Industria de Paris (CCIP). Presentaci\u00f3n gradual de vocabulario, gram\u00e1tica, situaci\u00f3n de comunicaci\u00f3n. Explicaci\u00f3n sencilla de temas incomprendidos. Adaptaci\u00f3n a la velocidad de expresi\u00f3n oral, natural de Franc\u00e9s. Pr\u00e1ctica de actividades orales y escritas con [&hellip;]<\/p>\n","protected":false},"author":1,"featured_media":0,"parent":0,"menu_order":0,"comment_status":"closed","ping_status":"closed","template":"","meta":[],"yoast_head":"<!-- This site is optimized with the Yoast SEO plugin v19.11 - https:\/\/yoast.com\/wordpress\/plugins\/seo\/ -->\n<title>Metodolog\u00eda - B. S. P. Franc\u00e9s<\/title>\n<meta name=\"robots\" content=\"index, follow, max-snippet:-1, max-image-preview:large, max-video-preview:-1\" \/>\n<link rel=\"canonical\" href=\"https:\/\/bspfrances.com.ar\/sitio\/index.php\/metodologia\/\" \/>\n<meta property=\"og:locale\" content=\"es_ES\" \/>\n<meta property=\"og:type\" content=\"article\" \/>\n<meta property=\"og:title\" content=\"Metodolog\u00eda - B. S. P. Franc\u00e9s\" \/>\n<meta property=\"og:description\" content=\"METODOLOG\u00cdA: Empleo de material pedag\u00f3gico de actividad. Utilizaci\u00f3n de bibliograf\u00eda para presentaci\u00f3n de ex\u00e1menes de la C\u00e1mara de Comercio y de Industria de Paris (CCIP). Presentaci\u00f3n gradual de vocabulario, gram\u00e1tica, situaci\u00f3n de comunicaci\u00f3n. Explicaci\u00f3n sencilla de temas incomprendidos. Adaptaci\u00f3n a la velocidad de expresi\u00f3n oral, natural de Franc\u00e9s. Pr\u00e1ctica de actividades orales y escritas con [&hellip;]\" \/>\n<meta property=\"og:url\" content=\"https:\/\/bspfrances.com.ar\/sitio\/index.php\/metodologia\/\" \/>\n<meta property=\"og:site_name\" content=\"B. S. P. Franc\u00e9s\" \/>\n<meta property=\"article:modified_time\" content=\"2022-04-26T12:27:22+00:00\" \/>\n<meta property=\"og:image\" content=\"https:\/\/bspfrances.com.ar\/sitio\/wp-content\/uploads\/2022\/04\/louvre-night-pyramid-louvre-museum-area-besthqwallpapers.com-1600x900-1-1024x576.jpg\" \/>\n<meta name=\"twitter:card\" content=\"summary_large_image\" \/>\n<meta name=\"twitter:label1\" content=\"Tiempo de lectura\" \/>\n\t<meta name=\"twitter:data1\" content=\"1 minuto\" \/>\n<script type=\"application\/ld+json\" class=\"yoast-schema-graph\">{\"@context\":\"https:\/\/schema.org\",\"@graph\":[{\"@type\":\"WebPage\",\"@id\":\"https:\/\/bspfrances.com.ar\/sitio\/index.php\/metodologia\/\",\"url\":\"https:\/\/bspfrances.com.ar\/sitio\/index.php\/metodologia\/\",\"name\":\"Metodolog\u00eda - B. S. P. Franc\u00e9s\",\"isPartOf\":{\"@id\":\"https:\/\/bspfrances.com.ar\/sitio\/#website\"},\"datePublished\":\"2022-04-06T11:32:41+00:00\",\"dateModified\":\"2022-04-26T12:27:22+00:00\",\"breadcrumb\":{\"@id\":\"https:\/\/bspfrances.com.ar\/sitio\/index.php\/metodologia\/#breadcrumb\"},\"inLanguage\":\"es\",\"potentialAction\":[{\"@type\":\"ReadAction\",\"target\":[\"https:\/\/bspfrances.com.ar\/sitio\/index.php\/metodologia\/\"]}]},{\"@type\":\"BreadcrumbList\",\"@id\":\"https:\/\/bspfrances.com.ar\/sitio\/index.php\/metodologia\/#breadcrumb\",\"itemListElement\":[{\"@type\":\"ListItem\",\"position\":1,\"name\":\"Portada\",\"item\":\"https:\/\/bspfrances.com.ar\/sitio\/\"},{\"@type\":\"ListItem\",\"position\":2,\"name\":\"Metodolog\u00eda\"}]},{\"@type\":\"WebSite\",\"@id\":\"https:\/\/bspfrances.com.ar\/sitio\/#website\",\"url\":\"https:\/\/bspfrances.com.ar\/sitio\/\",\"name\":\"B. S. P. Franc\u00e9s\",\"description\":\"Aprenda Fanc\u00e9s Online\",\"potentialAction\":[{\"@type\":\"SearchAction\",\"target\":{\"@type\":\"EntryPoint\",\"urlTemplate\":\"https:\/\/bspfrances.com.ar\/sitio\/?s={search_term_string}\"},\"query-input\":\"required name=search_term_string\"}],\"inLanguage\":\"es\"}]}<\/script>\n<!-- \/ Yoast SEO plugin. -->","yoast_head_json":{"title":"Metodolog\u00eda - B. S. P. Franc\u00e9s","robots":{"index":"index","follow":"follow","max-snippet":"max-snippet:-1","max-image-preview":"max-image-preview:large","max-video-preview":"max-video-preview:-1"},"canonical":"https:\/\/bspfrances.com.ar\/sitio\/index.php\/metodologia\/","og_locale":"es_ES","og_type":"article","og_title":"Metodolog\u00eda - B. S. P. Franc\u00e9s","og_description":"METODOLOG\u00cdA: Empleo de material pedag\u00f3gico de actividad. Utilizaci\u00f3n de bibliograf\u00eda para presentaci\u00f3n de ex\u00e1menes de la C\u00e1mara de Comercio y de Industria de Paris (CCIP). Presentaci\u00f3n gradual de vocabulario, gram\u00e1tica, situaci\u00f3n de comunicaci\u00f3n. Explicaci\u00f3n sencilla de temas incomprendidos. Adaptaci\u00f3n a la velocidad de expresi\u00f3n oral, natural de Franc\u00e9s. Pr\u00e1ctica de actividades orales y escritas con [&hellip;]","og_url":"https:\/\/bspfrances.com.ar\/sitio\/index.php\/metodologia\/","og_site_name":"B. S. P. Franc\u00e9s","article_modified_time":"2022-04-26T12:27:22+00:00","og_image":[{"url":"https:\/\/bspfrances.com.ar\/sitio\/wp-content\/uploads\/2022\/04\/louvre-night-pyramid-louvre-museum-area-besthqwallpapers.com-1600x900-1-1024x576.jpg"}],"twitter_card":"summary_large_image","twitter_misc":{"Tiempo de lectura":"1 minuto"},"schema":{"@context":"https:\/\/schema.org","@graph":[{"@type":"WebPage","@id":"https:\/\/bspfrances.com.ar\/sitio\/index.php\/metodologia\/","url":"https:\/\/bspfrances.com.ar\/sitio\/index.php\/metodologia\/","name":"Metodolog\u00eda - B. S. P. Franc\u00e9s","isPartOf":{"@id":"https:\/\/bspfrances.com.ar\/sitio\/#website"},"datePublished":"2022-04-06T11:32:41+00:00","dateModified":"2022-04-26T12:27:22+00:00","breadcrumb":{"@id":"https:\/\/bspfrances.com.ar\/sitio\/index.php\/metodologia\/#breadcrumb"},"inLanguage":"es","potentialAction":[{"@type":"ReadAction","target":["https:\/\/bspfrances.com.ar\/sitio\/index.php\/metodologia\/"]}]},{"@type":"BreadcrumbList","@id":"https:\/\/bspfrances.com.ar\/sitio\/index.php\/metodologia\/#breadcrumb","itemListElement":[{"@type":"ListItem","position":1,"name":"Portada","item":"https:\/\/bspfrances.com.ar\/sitio\/"},{"@type":"ListItem","position":2,"name":"Metodolog\u00eda"}]},{"@type":"WebSite","@id":"https:\/\/bspfrances.com.ar\/sitio\/#website","url":"https:\/\/bspfrances.com.ar\/sitio\/","name":"B. S. P. Franc\u00e9s","description":"Aprenda Fanc\u00e9s Online","potentialAction":[{"@type":"SearchAction","target":{"@type":"EntryPoint","urlTemplate":"https:\/\/bspfrances.com.ar\/sitio\/?s={search_term_string}"},"query-input":"required name=search_term_string"}],"inLanguage":"es"}]}},"_links":{"self":[{"href":"https:\/\/bspfrances.com.ar\/sitio\/index.php\/wp-json\/wp\/v2\/pages\/28"}],"collection":[{"href":"https:\/\/bspfrances.com.ar\/sitio\/index.php\/wp-json\/wp\/v2\/pages"}],"about":[{"href":"https:\/\/bspfrances.com.ar\/sitio\/index.php\/wp-json\/wp\/v2\/types\/page"}],"author":[{"embeddable":true,"href":"https:\/\/bspfrances.com.ar\/sitio\/index.php\/wp-json\/wp\/v2\/users\/1"}],"replies":[{"embeddable":true,"href":"https:\/\/bspfrances.com.ar\/sitio\/index.php\/wp-json\/wp\/v2\/comments?post=28"}],"version-history":[{"count":4,"href":"https:\/\/bspfrances.com.ar\/sitio\/index.php\/wp-json\/wp\/v2\/pages\/28\/revisions"}],"predecessor-version":[{"id":110,"href":"https:\/\/bspfrances.com.ar\/sitio\/index.php\/wp-json\/wp\/v2\/pages\/28\/revisions\/110"}],"wp:attachment":[{"href":"https:\/\/bspfrances.com.ar\/sitio\/index.php\/wp-json\/wp\/v2\/media?parent=28"}],"curies":[{"name":"wp","href":"https:\/\/api.w.org\/{rel}","templated":true}]}}